{"id":22,"date":"2017-09-28T12:30:30","date_gmt":"2017-09-28T09:30:30","guid":{"rendered":"http:\/\/lasalaboratorios.com\/?post_type=product&#038;p=22"},"modified":"2019-09-06T17:23:23","modified_gmt":"2019-09-06T14:23:23","slug":"glation","status":"publish","type":"product","link":"http:\/\/lasalaboratorios.com\/es\/product\/glation\/","title":{"rendered":"GLATION"},"content":{"rendered":"<p>El glutati\u00f3n es un trip\u00e9ptido lineal con un grupo sulfhidrato compuesto de L-glutamina, L-ciste\u00edna y glicina. Juega una funci\u00f3n importante en la protecci\u00f3n de las c\u00e9lulas del cuerpo, ya que es un potente antioxidante. En los seres humanos, la falta de glutati\u00f3n conduce a la aparici\u00f3n de muchas enfermedades, como el pyrinsonismo tipo I, la intoxicaci\u00f3n por alcohol y otras. Los experimentos in vivo e in vitro han demostrado que la falta de glutati\u00f3n puede causar da\u00f1os a las mitocondrias y la muerte celular causada por un aumento en el n\u00famero de especies de ox\u00edgeno t\u00f3xicas, lo que lleva a un aumento en el n\u00famero de radicales libres.<\/p>\n<p>El glutati\u00f3n es capaz de prevenir el da\u00f1o celular al combinarse con sustancias t\u00f3xicas y\/o sus metabolitos. La neutralizaci\u00f3n de los xenobi\u00f3ticos con glutati\u00f3n se puede llevar a cabo de tres maneras diferentes: conjugando el sustrato con glutati\u00f3n, como resultado de la sustituci\u00f3n nucleof\u00edlica, y como resultado de la reducci\u00f3n de los per\u00f3xidos org\u00e1nicos a alcoholes.<\/p>\n<p>El sistema de neutralizaci\u00f3n de glutati\u00f3n desempe\u00f1a un papel \u00fanico en la formaci\u00f3n de resistencia a una amplia variedad de influencias y es el mecanismo de defensa m\u00e1s importante de la c\u00e9lula. En el curso de la biotransformaci\u00f3n de algunos xenobi\u00f3ticos con la participaci\u00f3n de glutati\u00f3n, se forman tio\u00e9teres, que luego se convierten en mercaptanos, entre los cuales se encuentran productos t\u00f3xicos. Pero los conjugados de glutati\u00f3n con la mayor\u00eda de los xenobi\u00f3ticos son menos reactivos e hidr\u00f3filos que las sustancias originales, y por lo tanto son menos t\u00f3xicos y m\u00e1s f\u00e1ciles de eliminar del cuerpo.<\/p>\n<p>El glutati\u00f3n se une a una gran cantidad de compuestos lipof\u00edlicos (neutralizaci\u00f3n f\u00edsica), impidiendo su introducci\u00f3n en la capa lip\u00eddica de las membranas y la disfunci\u00f3n de la c\u00e9lula.<\/p>\n<p>As\u00ed, el glutati\u00f3n mejora la estabilidad de la membrana celular, protege la membrana de las c\u00e9lulas hep\u00e1ticas, aumenta la actividad de las enzimas y el h\u00edgado, y promueve la desintoxicaci\u00f3n y la actividad regenerativa del h\u00edgado al destruir los radicales libres.<\/p>\n<p>Con la administraci\u00f3n intravenosa, los contenidos del vial se disuelven en 250-500 ml de 0.9: soluci\u00f3n de cloruro de sodio.<\/p>\n","protected":false},"parent":0,"template":"","use":[4],"acf":[],"_links":{"self":[{"href":"http:\/\/lasalaboratorios.com\/es\/wp-json\/wp\/v2\/product\/22"}],"collection":[{"href":"http:\/\/lasalaboratorios.com\/es\/wp-json\/wp\/v2\/product"}],"about":[{"href":"http:\/\/lasalaboratorios.com\/es\/wp-json\/wp\/v2\/types\/product"}],"version-history":[{"count":8,"href":"http:\/\/lasalaboratorios.com\/es\/wp-json\/wp\/v2\/product\/22\/revisions"}],"predecessor-version":[{"id":83,"href":"http:\/\/lasalaboratorios.com\/es\/wp-json\/wp\/v2\/product\/22\/revisions\/83"}],"wp:attachment":[{"href":"http:\/\/lasalaboratorios.com\/es\/wp-json\/wp\/v2\/media?parent=22"}],"wp:term":[{"taxonomy":"use","embeddable":true,"href":"http:\/\/lasalaboratorios.com\/es\/wp-json\/wp\/v2\/use?post=22"}],"curies":[{"name":"wp","href":"https:\/\/api.w.org\/{rel}","templated":true}]}}