{"id":9,"date":"2017-09-29T16:58:19","date_gmt":"2017-09-29T13:58:19","guid":{"rendered":"http:\/\/lasalaboratorios.com\/?post_type=product&#038;p=9"},"modified":"2023-12-01T11:18:05","modified_gmt":"2023-12-01T08:18:05","slug":"midzo","status":"publish","type":"product","link":"http:\/\/lasalaboratorios.com\/es\/product\/midzo\/","title":{"rendered":"MEEDZO"},"content":{"rendered":"<p>MEEDZO gotas orales 60 mg\/ml (INN Cianamida)<\/p>\n<p>Frasco de vidrio marr\u00f3n de 15 ml. En embalaje 4 frascos.<\/p>\n<p>Es una soluci\u00f3n transparente e incolora con un ligero olor a \u00e1cido ac\u00e9tico.<\/p>\n<p>Se utiliza para tratar a pacientes con alcoholismo cr\u00f3nico y prevenci\u00f3n de reca\u00eddas.<\/p>\n<p>La acci\u00f3n MEEDZO se basa en el bloqueo de la acetaldeh\u00eddo deshidrogenasa, que interviene en el metabolismo del alcohol et\u00edlico. Esto conduce a un aumento en la concentraci\u00f3n del metabolito del alcohol et\u00edlico &#8211; acetaldeh\u00eddo, que causa sensaciones negativas (enrojecimiento, n\u00e1useas, taquicardia, falta de aliento, etc.), que hacen que el consumo de alcohol sea desagradable despu\u00e9s de tomar el medicamento. Esto conduce a una aversi\u00f3n refleja condicionada al sabor y olor de las bebidas alcoh\u00f3licas.<\/p>\n<p>El efecto sensibilizante de MEEDZO sobre el alcohol aparece antes (despu\u00e9s de unos 45-60 minutos) y dura menos (aproximadamente 12 horas) que la acci\u00f3n del disulfiram.<\/p>\n<p>El tratamiento se prescribe despu\u00e9s de un examen cuidadoso del paciente y una advertencia sobre las consecuencias y complicaciones.<\/p>\n<p>MEEDZO se prescribe por v\u00eda oral para 12-25 gotas (36-75 mg de cianamida) 2 veces al d\u00eda con un intervalo de 12 horas seg\u00fan un esquema individual.<\/p>\n<p>El tratamiento con MEEDZO puede comenzar solo despu\u00e9s de 12 horas desde la \u00faltima ingesta de alcohol.<\/p>\n<p>Al mismo tiempo que toma el medicamento con alcohol, aparecen los siguientes s\u00edntomas: hiperemia severa de la piel, &#8220;pulsaciones&#8221; en la cabeza y el cuello, n\u00e1useas, taquicardia, dificultad para respirar, debilidad, visi\u00f3n borrosa, sudoraci\u00f3n profusa, dolor en el pecho. En los casos m\u00e1s graves: v\u00f3mitos, disminuci\u00f3n de la presi\u00f3n arterial, depresi\u00f3n respiratoria, estado collaptoide. La naturaleza y la gravedad de los s\u00edntomas dependen de la cantidad de alcohol consumido y de la droga. En casos severos, es necesario realizar una terapia sintom\u00e1tica dirigida a mantener las funciones de los sistemas respiratorio y cardiovascular, infusi\u00f3n intravenosa de antihistam\u00ednicos.<\/p>\n<p>Fabricado \u2013 SPECIAL PRODUCT\u2019S LINES, SPA, Italia<\/p>\n<p>Strada Paduni, 240 &#8211; 03012, Anagni (prov. Frozinone).<\/p>\n","protected":false},"parent":0,"template":"","use":[2],"acf":[],"_links":{"self":[{"href":"http:\/\/lasalaboratorios.com\/es\/wp-json\/wp\/v2\/product\/9"}],"collection":[{"href":"http:\/\/lasalaboratorios.com\/es\/wp-json\/wp\/v2\/product"}],"about":[{"href":"http:\/\/lasalaboratorios.com\/es\/wp-json\/wp\/v2\/types\/product"}],"version-history":[{"count":8,"href":"http:\/\/lasalaboratorios.com\/es\/wp-json\/wp\/v2\/product\/9\/revisions"}],"predecessor-version":[{"id":95,"href":"http:\/\/lasalaboratorios.com\/es\/wp-json\/wp\/v2\/product\/9\/revisions\/95"}],"wp:attachment":[{"href":"http:\/\/lasalaboratorios.com\/es\/wp-json\/wp\/v2\/media?parent=9"}],"wp:term":[{"taxonomy":"use","embeddable":true,"href":"http:\/\/lasalaboratorios.com\/es\/wp-json\/wp\/v2\/use?post=9"}],"curies":[{"name":"wp","href":"https:\/\/api.w.org\/{rel}","templated":true}]}}